{"id":5,"date":"2022-09-23T07:50:41","date_gmt":"2022-09-23T05:50:41","guid":{"rendered":"https:\/\/ccege.emelcat.cat\/comunitat\/forum\/"},"modified":"2022-10-14T10:07:54","modified_gmt":"2022-10-14T08:07:54","slug":"forum","status":"publish","type":"page","link":"https:\/\/ccege.emelcat.cat\/comunitat\/forum\/","title":{"rendered":"F\u00f2rum"},"content":{"rendered":"\n<p class=\"has-text-align-justify\">Benvingut al f\u00f2rum de la Comunitat Energ\u00e8tica, on podeu comentar qualsevol q\u00fcesti\u00f3 sobre tot all\u00f2 relacionat amb la comunitat. Recordeu que heu de tenir la sessi\u00f3 iniciada per a poder accedir als f\u00f2rums.<\/p>\n\n\n\n\n<div id=\"bbpress-forums\" class=\"bbpress-wrapper\">\n\n\t\n\t<div class=\"bbp-search-form\">\n\t\t<form role=\"search\" method=\"get\" id=\"bbp-search-form\">\n\t\t\t<div>\n\t\t\t\t<label class=\"screen-reader-text hidden\" for=\"bbp_search\">Cerca:<\/label>\n\t\t\t\t<input type=\"hidden\" name=\"action\" value=\"bbp-search-request\" \/>\n\t\t\t\t<input type=\"text\" value=\"\" name=\"bbp_search\" id=\"bbp_search\" \/>\n\t\t\t\t<input class=\"button\" type=\"submit\" id=\"bbp_search_submit\" value=\"Cerca\" \/>\n\t\t\t<\/div>\n\t\t<\/form>\n\t<\/div>\n\n\n\t<div class=\"bbp-breadcrumb\"><p><a href=\"https:\/\/ccege.emelcat.cat\/comunitat\" class=\"bbp-breadcrumb-home\">Projecte d&#8217;e\u00f2lica comunit\u00e0ria<\/a> <span class=\"bbp-breadcrumb-sep\">&rsaquo;<\/span> <span class=\"bbp-breadcrumb-current\">F\u00f2rums<\/span><\/p><\/div>\n\t\n\t\n\t\n\t\t\n<div class=\"bbp-template-notice\">\n\t<ul>\n\t\t<li>No s&#039;ha trobat cap f\u00f2rum aqu\u00ed.<\/li>\n\t<\/ul>\n<\/div>\n\n\t\n\t\n<\/div>\n\n\n\n\n<p class=\"has-text-align-center\">\n<form method=\"post\" action=\"https:\/\/ccege.emelcat.cat\/comunitat\/wp-login.php\" class=\"bbp-login-form\">\n\t<fieldset class=\"bbp-form\">\n\t\t<legend>Entra<\/legend>\n\n\t\t<div class=\"bbp-username\">\n\t\t\t<label for=\"user_login\">Nom d&#039;usuari: <\/label>\n\t\t\t<input type=\"text\" name=\"log\" value=\"\" size=\"20\" maxlength=\"100\" id=\"user_login\" autocomplete=\"off\" \/>\n\t\t<\/div>\n\n\t\t<div class=\"bbp-password\">\n\t\t\t<label for=\"user_pass\">Contrasenya: <\/label>\n\t\t\t<input type=\"password\" name=\"pwd\" value=\"\" size=\"20\" id=\"user_pass\" autocomplete=\"off\" \/>\n\t\t<\/div>\n\n\t\t<div class=\"bbp-remember-me\">\n\t\t\t<input type=\"checkbox\" name=\"rememberme\" value=\"forever\"  id=\"rememberme\" \/>\n\t\t\t<label for=\"rememberme\">No tanquis la sessi\u00f3<\/label>\n\t\t<\/div>\n\n\t\t\n\t\t<div class=\"bbp-submit-wrapper\">\n\n\t\t\t<button type=\"submit\" name=\"user-submit\" id=\"user-submit\" class=\"button submit user-submit\">Entra<\/button>\n\n\t\t\t\n\t<input type=\"hidden\" name=\"user-cookie\" value=\"1\" \/>\n\n\t<input type=\"hidden\" id=\"bbp_redirect_to\" name=\"redirect_to\" value=\"https:\/\/ccege.emelcat.cat\/comunitat\/wp-json\/wp\/v2\/pages\/5\" \/><input type=\"hidden\" id=\"_wpnonce\" name=\"_wpnonce\" value=\"6388c4f008\" \/><input type=\"hidden\" name=\"_wp_http_referer\" value=\"\/comunitat\/wp-json\/wp\/v2\/pages\/5\" \/>\n\t\t<\/div>\n\t<\/fieldset>\n<\/form>\n\n","protected":false},"excerpt":{"rendered":"<p>Benvingut al f\u00f2rum de la Comunitat Energ\u00e8tica, on podeu comentar qualsevol q\u00fcesti\u00f3 sobre tot all\u00f2 relacionat amb la comunitat. Recordeu que heu de tenir la sessi\u00f3 iniciada per a poder accedir als f\u00f2rums.<\/p>\n","protected":false},"author":1,"featured_media":0,"parent":0,"menu_order":0,"comment_status":"closed","ping_status":"closed","template":"","meta":{"_bbp_topic_count":0,"_bbp_reply_count":0,"_bbp_total_topic_count":0,"_bbp_total_reply_count":0,"_bbp_voice_count":0,"_bbp_anonymous_reply_count":0,"_bbp_topic_count_hidden":0,"_bbp_reply_count_hidden":0,"_bbp_forum_subforum_count":0,"ub_ctt_via":"","_editorskit_title_hidden":false,"_editorskit_reading_time":0,"_editorskit_is_block_options_detached":false,"_editorskit_block_options_position":"{}"},"featured_image_src":null,"_links":{"self":[{"href":"https:\/\/ccege.emelcat.cat\/comunitat\/wp-json\/wp\/v2\/pages\/5"}],"collection":[{"href":"https:\/\/ccege.emelcat.cat\/comunitat\/wp-json\/wp\/v2\/pages"}],"about":[{"href":"https:\/\/ccege.emelcat.cat\/comunitat\/wp-json\/wp\/v2\/types\/page"}],"author":[{"embeddable":true,"href":"https:\/\/ccege.emelcat.cat\/comunitat\/wp-json\/wp\/v2\/users\/1"}],"replies":[{"embeddable":true,"href":"https:\/\/ccege.emelcat.cat\/comunitat\/wp-json\/wp\/v2\/comments?post=5"}],"version-history":[{"count":1,"href":"https:\/\/ccege.emelcat.cat\/comunitat\/wp-json\/wp\/v2\/pages\/5\/revisions"}],"predecessor-version":[{"id":21,"href":"https:\/\/ccege.emelcat.cat\/comunitat\/wp-json\/wp\/v2\/pages\/5\/revisions\/21"}],"wp:attachment":[{"href":"https:\/\/ccege.emelcat.cat\/comunitat\/wp-json\/wp\/v2\/media?parent=5"}],"curies":[{"name":"wp","href":"https:\/\/api.w.org\/{rel}","templated":true}]}}