{"id":7,"date":"2022-09-22T07:55:18","date_gmt":"2022-09-22T05:55:18","guid":{"rendered":"https:\/\/ccege.emelcat.cat\/comunitat\/projecte-deolica-popular-a-falset-i-marca\/"},"modified":"2022-10-17T12:03:51","modified_gmt":"2022-10-17T10:03:51","slug":"projecte-deolica-popular","status":"publish","type":"page","link":"https:\/\/ccege.emelcat.cat\/comunitat\/","title":{"rendered":"Projecte d&#8217;e\u00f2lica comunit\u00e0ria"},"content":{"rendered":"\n<p class=\"has-text-align-justify\">Vols participar en un projecte que promou la democratitzaci\u00f3 de l&#8217;energia de proximitat?<\/p>\n\n\n\n<p class=\"has-text-align-justify\">Una comunitat ciutadana d&#8217;energia \u00e9s un projecte que promou l&#8217;aprofitament del recurs e\u00f2lic de proximitat per part de la comunitat pr\u00f2xima a la localitzaci\u00f3 del parc e\u00f2lic. Es vol mobilitzar la poblaci\u00f3 local per a que siguin els promotors d&#8217;un aerogenerador i un sistema d&#8217;emmagatzematge per a generar, gestionar i vendre energia al mercat el\u00e8ctric. D&#8217;aquesta forma, un recurs natural com \u00e9s el vent, ser\u00e0 aprofitat per a crear riquesa per a la comunitat local.<\/p>\n\n\n\n<p class=\"has-text-align-justify\">El projecte \u00e9s complementari a altres projectes d&#8217;autoconsum. Hi ha moltes necessitats socials: trens, hospitals, escoles, etc&#8230; que no es poden cobrir amb l&#8217;autoconsum  i requereixen de generaci\u00f3 orientada a venda al mercat. A trav\u00e9s de les comunitats energ\u00e8tiques ciutadanes es poden cobrir part d&#8217;aquestes necessitats i que el benefici generat es quedi a les comunitats properes als projectes on es genera aquesta energia. <\/p>\n\n\n\n<p>Si t&#8217;interessa saber m\u00e9s del projecte, clica <a href=\"https:\/\/ccege.emelcat.cat\/comunitat\/inscriu-te\/\" class=\"ek-link\">aqu\u00ed <\/a>i et farem arribar informaci\u00f3 del projecte.<\/p>\n\n\n\n<div class=\"is-content-justification-center is-layout-flex wp-container-1 wp-block-buttons\">\n<div class=\"wp-block-button is-style-fill\"><a class=\"wp-block-button__link has-black-color has-vivid-green-cyan-background-color has-text-color has-background\" href=\"https:\/\/ccege.emelcat.cat\/comunitat\/inscriu-te\/\" style=\"border-radius:30px\">M&#8217;INTERESSA<\/a><\/div>\n<\/div>\n\n\n\n<hr class=\"wp-block-separator has-text-color has-vivid-green-cyan-color has-alpha-channel-opacity has-vivid-green-cyan-background-color has-background is-style-wide\"\/>\n\n\n\n<p class=\"has-medium-font-size\">Detalls del projecte<\/p>\n\n\n\n<p class=\"has-text-align-justify\">Gr\u00e0cies a una subvenci\u00f3 del Departament d\u2019Empresa i Treball de la Generalitat de Catalunya, a trav\u00e9s de la convocat\u00f2ria 2021 dels Projectes Singulars, Emelcat i Viure de l&#8217;Aire del Cel han pogut dur a terme estudis de viabilitat t\u00e8cnica i econ\u00f2mica en localitzacions del Priorat, el Segri\u00e0, l&#8217;Empord\u00e0, l&#8217;Urgell i el Montsi\u00e0. S&#8217;han estudiat diverses localitzacions d&#8217;un entorn i s&#8217;ha triat la m\u00e9s \u00f2ptima.<\/p>\n\n\n<div class=\"wp-block-ub-content-toggle\" id=\"ub-content-toggle-ab965b2d-a10b-4013-84eb-369c55f5f8fc\" data-mobilecollapse=\"true\" data-desktopcollapse=\"true\">\n<div class=\"wp-block-ub-content-toggle-accordion\">\n                <div class=\"wp-block-ub-content-toggle-accordion-title-wrap\" aria-expanded=\"false\" aria-controls=\"ub-content-toggle-panel-0-ab965b2d-a10b-4013-84eb-369c55f5f8fc\" tabindex=\"0\">\n                    <p class=\"wp-block-ub-content-toggle-accordion-title ub-content-toggle-title-ab965b2d-a10b-4013-84eb-369c55f5f8fc\">Quin tipus d&#8217;aerogenerador s&#8217;instal\u00b7lar\u00e0? On?<\/p><div class=\"wp-block-ub-content-toggle-accordion-toggle-wrap right\"><span class=\"wp-block-ub-content-toggle-accordion-state-indicator wp-block-ub-chevron-down\"><\/span>\n                    <\/div><\/div><div role=\"region\" class=\"wp-block-ub-content-toggle-accordion-content-wrap ub-hide\" id=\"ub-content-toggle-panel-0-ab965b2d-a10b-4013-84eb-369c55f5f8fc\">\n\n<p>S&#8217;instal\u00b7lar\u00e0 un aerogenerador de 4,2 MW de pot\u00e8ncia de generaci\u00f3. L&#8217;emmagatzematge tindr\u00e0 una capacitat d&#8217;emmagatzematge de 3 MWh i una pot\u00e8ncia de 1,2MW. <\/p>\n\n\n\n<p>Durant els estudis de viabilitat s&#8217;han tingut en compte totes les limitacions a la instal\u00b7laci\u00f3 d&#8217;un aerogenerador per raons d&#8217;urbanisme, conservaci\u00f3 d&#8217;espais naturals i esp\u00e8cies protegides, terreny d&#8217;usos agr\u00edcoles i altres restriccions no relacionades directament amb el recurs e\u00f2lic. Tamb\u00e9 s&#8217;ha tingut en compte l&#8217;abast de l&#8217;obra civil necess\u00e0ria per la instal\u00b7laci\u00f3 de l&#8217;aerogenerador i el seu manteniment i operaci\u00f3. S&#8217;han estudiat ubicacions viables un cop aplicats tots aquests filtres.<\/p>\n\n\n\n<p>Un aerogenerador d&#8217;aquestes caracter\u00edstiques t\u00e9 un temps de vida de 20 anys.<\/p>\n\n<\/div><\/div>\n<\/div>\n\n<div class=\"wp-block-ub-content-toggle\" id=\"ub-content-toggle-7cab4729-a9ff-4481-961a-139947a06a17\" data-mobilecollapse=\"true\" data-desktopcollapse=\"true\">\n<div class=\"wp-block-ub-content-toggle-accordion\">\n                <div class=\"wp-block-ub-content-toggle-accordion-title-wrap\" aria-expanded=\"false\" aria-controls=\"ub-content-toggle-panel-0-7cab4729-a9ff-4481-961a-139947a06a17\" tabindex=\"0\">\n                    <p class=\"wp-block-ub-content-toggle-accordion-title ub-content-toggle-title-7cab4729-a9ff-4481-961a-139947a06a17\">Quin \u00e9s el cost del projecte? Quin benefici econ\u00f2mic produir\u00e0?<\/p><div class=\"wp-block-ub-content-toggle-accordion-toggle-wrap right\"><span class=\"wp-block-ub-content-toggle-accordion-state-indicator wp-block-ub-chevron-down\"><\/span>\n                    <\/div><\/div><div role=\"region\" class=\"wp-block-ub-content-toggle-accordion-content-wrap ub-hide\" id=\"ub-content-toggle-panel-0-7cab4729-a9ff-4481-961a-139947a06a17\">\n\n<p class=\"has-text-align-justify\">La inversi\u00f3 estimada \u00e9s de 6,65 milions d&#8217;euros. Hi haur\u00e0 uns costos anuals de funcionament d&#8217;uns 190.00 euros. En la localitzaci\u00f3 amb menys recurs e\u00f2lic s&#8217;ha estimat que l&#8217;aerogenerador generar\u00e0 uns ingressos m\u00ednims d&#8217;uns 2,2 milions anuals (considerant preus de l&#8217;energia propers als actuals). Amb aquesta situaci\u00f3 el projecte es recuperar\u00e0 en 6 anys. En les localitzacions amb m\u00e9s recurs els ingressos poden ascendir fins els 3,8 milions anuals i els retorns reduir-se fins els 4 anys.  <\/p>\n\n\n\n<p class=\"has-text-align-justify\">La comunitat energ\u00e8tica, una cooperativa, vendr\u00e0 l&#8217;energia generada per l&#8217;aerogenerador al mercat el\u00e8ctric. A m\u00e9s, com comptar\u00e0 amb emmagatzematge, l&#8217;energia es podr\u00e0 vendre a les hores de preus m\u00e9s alts amb el que els beneficis seran m\u00e9s alts. Igualment, la capacitat de gesti\u00f3 de l&#8217;energia generada permetr\u00e0 participar en els mercats d&#8217;ajustos del sistema generant beneficis addicionals.<\/p>\n\n<\/div><\/div>\n<\/div>\n\n<div class=\"wp-block-ub-content-toggle\" id=\"ub-content-toggle-72ea10a1-b367-4d69-8a36-56b8b9c91cb3\" data-mobilecollapse=\"true\" data-desktopcollapse=\"true\">\n<div class=\"wp-block-ub-content-toggle-accordion\">\n                <div class=\"wp-block-ub-content-toggle-accordion-title-wrap\" aria-expanded=\"false\" aria-controls=\"ub-content-toggle-panel-0-72ea10a1-b367-4d69-8a36-56b8b9c91cb3\" tabindex=\"0\">\n                    <p class=\"wp-block-ub-content-toggle-accordion-title ub-content-toggle-title-72ea10a1-b367-4d69-8a36-56b8b9c91cb3\">Quanta energia es generar\u00e0? Com es reduiran les emissions de CO2?<\/p><div class=\"wp-block-ub-content-toggle-accordion-toggle-wrap right\"><span class=\"wp-block-ub-content-toggle-accordion-state-indicator wp-block-ub-chevron-down\"><\/span>\n                    <\/div><\/div><div role=\"region\" class=\"wp-block-ub-content-toggle-accordion-content-wrap ub-hide\" id=\"ub-content-toggle-panel-0-72ea10a1-b367-4d69-8a36-56b8b9c91cb3\">\n\n<p>Anualment es generaran entre 8.8 i 13.6 GWh, energia suficient per a cobrir el consum d&#8217;entre 2.500 i 3.900 habitatges. Aquesta energia permetria fer de 36 a 56 milions de kil\u00f2metres amb un cotxe el\u00e8ctric.<\/p>\n\n\n\n<p>L&#8217;estalvi en emissions de CO2 ser\u00e0 de com a m\u00ednim 3.100 tones. Aquesta quantitat correspon a fer 17 milions de kil\u00f2metres amb un cotxe de benzina. En els casos m\u00e9s favorables aquests valors creixen fins un estalvi de 4.800 tones que equivalen a prop de 26 milions de kil\u00f2metres.<\/p>\n\n<\/div><\/div>\n<\/div>\n\n<div class=\"wp-block-ub-content-toggle\" id=\"ub-content-toggle-e13aa8df-c287-4904-933c-36e1191e293a\" data-mobilecollapse=\"true\" data-desktopcollapse=\"true\">\n<div class=\"wp-block-ub-content-toggle-accordion\">\n                <div class=\"wp-block-ub-content-toggle-accordion-title-wrap\" aria-expanded=\"false\" aria-controls=\"ub-content-toggle-panel-0-e13aa8df-c287-4904-933c-36e1191e293a\" tabindex=\"0\">\n                    <p class=\"wp-block-ub-content-toggle-accordion-title ub-content-toggle-title-e13aa8df-c287-4904-933c-36e1191e293a\">Qui ens acompanyar\u00e0 en aquest projecte?<\/p><div class=\"wp-block-ub-content-toggle-accordion-toggle-wrap right\"><span class=\"wp-block-ub-content-toggle-accordion-state-indicator wp-block-ub-chevron-down\"><\/span>\n                    <\/div><\/div><div role=\"region\" class=\"wp-block-ub-content-toggle-accordion-content-wrap ub-hide\" id=\"ub-content-toggle-panel-0-e13aa8df-c287-4904-933c-36e1191e293a\">\n\n<p class=\"has-text-align-justify\">Des de l&#8217;inici del projecte s&#8217;ha involucrat a cooperatives agr\u00edcoles locals, els ajuntaments, els ateneus cooperatius i entitats supramunicipals de l&#8217;entorn. Gr\u00e0cies al seu coneixement del territori i de la confian\u00e7a que generen aquestes entitats han de ser agent activador del territori per a tirar endavant la dinamitzaci\u00f3.<\/p>\n\n<\/div><\/div>\n<\/div>\n\n\n<hr class=\"wp-block-separator has-text-color has-vivid-green-cyan-color has-alpha-channel-opacity has-vivid-green-cyan-background-color has-background is-style-wide\"\/>\n\n\n\n<p>Aquest \u00e9s un projecte finan\u00e7at pel Departament d\u2019Empresa i Treball de la Generalitat de Catalunya a trav\u00e9s de la convocat\u00f2ria <a href=\"https:\/\/economiasocial.coop\/projectes-singulars\">Projecte Singulars<\/a>.<\/p>\n\n\n<div class=\"wp-block-image\">\n<figure class=\"aligncenter\"><img decoding=\"async\" src=\"https:\/\/emelcat.cat\/wp-content\/uploads\/2022\/04\/Logos-que-cal-posar.png\" alt=\"\" class=\"wp-image-2406\"\/><\/figure><\/div>","protected":false},"excerpt":{"rendered":"<p>Vols participar en un projecte que promou la democratitzaci\u00f3 de l&#8217;energia de proximitat? Una comunitat ciutadana d&#8217;energia \u00e9s un projecte que promou l&#8217;aprofitament del recurs e\u00f2lic de proximitat per part de la comunitat pr\u00f2xima a la localitzaci\u00f3 del parc e\u00f2lic. Es vol mobilitzar la poblaci\u00f3 local per a que siguin els promotors d&#8217;un aerogenerador i [&hellip;]<\/p>\n","protected":false},"author":1,"featured_media":0,"parent":0,"menu_order":0,"comment_status":"closed","ping_status":"closed","template":"","meta":{"_bbp_topic_count":0,"_bbp_reply_count":0,"_bbp_total_topic_count":0,"_bbp_total_reply_count":0,"_bbp_voice_count":0,"_bbp_anonymous_reply_count":0,"_bbp_topic_count_hidden":0,"_bbp_reply_count_hidden":0,"_bbp_forum_subforum_count":0,"ub_ctt_via":"","_editorskit_title_hidden":false,"_editorskit_reading_time":2,"_editorskit_is_block_options_detached":false,"_editorskit_block_options_position":"{}"},"featured_image_src":null,"_links":{"self":[{"href":"https:\/\/ccege.emelcat.cat\/comunitat\/wp-json\/wp\/v2\/pages\/7"}],"collection":[{"href":"https:\/\/ccege.emelcat.cat\/comunitat\/wp-json\/wp\/v2\/pages"}],"about":[{"href":"https:\/\/ccege.emelcat.cat\/comunitat\/wp-json\/wp\/v2\/types\/page"}],"author":[{"embeddable":true,"href":"https:\/\/ccege.emelcat.cat\/comunitat\/wp-json\/wp\/v2\/users\/1"}],"replies":[{"embeddable":true,"href":"https:\/\/ccege.emelcat.cat\/comunitat\/wp-json\/wp\/v2\/comments?post=7"}],"version-history":[{"count":6,"href":"https:\/\/ccege.emelcat.cat\/comunitat\/wp-json\/wp\/v2\/pages\/7\/revisions"}],"predecessor-version":[{"id":48,"href":"https:\/\/ccege.emelcat.cat\/comunitat\/wp-json\/wp\/v2\/pages\/7\/revisions\/48"}],"wp:attachment":[{"href":"https:\/\/ccege.emelcat.cat\/comunitat\/wp-json\/wp\/v2\/media?parent=7"}],"curies":[{"name":"wp","href":"https:\/\/api.w.org\/{rel}","templated":true}]}}