{"id":5,"date":"2022-10-03T07:35:36","date_gmt":"2022-10-03T05:35:36","guid":{"rendered":"https:\/\/ccege.emelcat.cat\/latallada\/projecte-deolica-popular-al-segria-sec\/"},"modified":"2022-10-25T13:32:57","modified_gmt":"2022-10-25T11:32:57","slug":"projecte-deolica-popular-al-segria-sec","status":"publish","type":"page","link":"https:\/\/ccege.emelcat.cat\/latallada\/","title":{"rendered":"Projecte d&#8217;e\u00f2lica popular a La Tallada d&#8217;Empord\u00e0"},"content":{"rendered":"\n<p class=\"has-text-align-justify\">Vols participar en un projecte que promou la democratitzaci\u00f3 de l&#8217;energia de proximitat?<\/p>\n\n\n\n<p class=\"has-text-align-justify\">La comunitat ciutadana d\u2019energia a La Tallada d&#8217;Empord\u00e0 \u00e9s un projecte que promou l\u2019aprofitament del recurs e\u00f2lic de proximitat per part de la comunitat del municipi de La Tallada d&#8217;Empord\u00e0 i el seu entorn. Es vol mobilitzar la poblaci\u00f3 local per a que siguin els promotors d\u2019un aerogenerador i un sistema d\u2019emmagatzematge per a generar, gestionar i vendre energia al mercat el\u00e8ctric. D\u2019aquesta forma, un recurs natural com \u00e9s el vent, ser\u00e0 aprofitat per a crear riquesa per a la comunitat local.<\/p>\n\n\n\n<p class=\"has-text-align-justify\">El projecte \u00e9s complementari a altres projectes d&#8217;autoconsum. Hi ha moltes necessitats socials: trens, hospitals, serveis p\u00fablics, enllumenat, etc&#8230; que no es poden cobrir amb l&#8217;autoconsum  i requereixen de generaci\u00f3 orientada a venda al mercat. A trav\u00e9s de les comunitats energ\u00e8tiques ciutadanes es poden cobrir part d&#8217;aquestes necessitats i que el benefici generat es quedi a les comunitats properes als projectes on es genera aquesta energia. <\/p>\n\n\n\n<p>Si t&#8217;interessa saber m\u00e9s del projecte, clica<a href=\"https:\/\/ccege.emelcat.cat\/inscripcio-segria\/\" class=\"ek-link\"> <\/a><a href=\"https:\/\/ccege.emelcat.cat\/latallada\/inscriu-te\/\" class=\"ek-link\">aqu\u00ed <\/a>i et farem arribar informaci\u00f3 del projecte.<\/p>\n\n\n\n<div class=\"is-content-justification-center is-layout-flex wp-container-1 wp-block-buttons\">\n<div class=\"wp-block-button is-style-fill\"><a class=\"wp-block-button__link has-black-color has-vivid-green-cyan-background-color has-text-color has-background\" href=\"https:\/\/ccege.emelcat.cat\/latallada\/inscriu-te\/\" style=\"border-radius:30px\">M&#8217;INTERESSA<\/a><\/div>\n<\/div>\n\n\n\n<hr class=\"wp-block-separator has-text-color has-vivid-green-cyan-color has-alpha-channel-opacity has-vivid-green-cyan-background-color has-background is-style-wide\"\/>\n\n\n\n<p class=\"has-medium-font-size\">Detalls del projecte<\/p>\n\n\n\n<p class=\"has-text-align-justify\">Gr\u00e0cies a una subvenci\u00f3 del Departament d\u2019Empresa i Treball de la Generalitat de Catalunya, a trav\u00e9s de la convocat\u00f2ria 2021 dels Projectes Singulars, Emelcat i Viure de l&#8217;Aire del Cel han pogut dur a terme estudis de viabilitat t\u00e8cnica i econ\u00f2mica a l&#8217;entorn de La Tallada. S&#8217;han estudiat diverses localitzacions i s&#8217;ha triat la m\u00e9s \u00f2ptima.<\/p>\n\n\n<div class=\"wp-block-ub-content-toggle\" id=\"ub-content-toggle-972a16a7-9248-4006-a549-b711b9acc71f\" data-mobilecollapse=\"true\" data-desktopcollapse=\"true\">\n<div class=\"wp-block-ub-content-toggle-accordion\">\n                <div class=\"wp-block-ub-content-toggle-accordion-title-wrap\" aria-expanded=\"false\" aria-controls=\"ub-content-toggle-panel-0-972a16a7-9248-4006-a549-b711b9acc71f\" tabindex=\"0\">\n                    <p class=\"wp-block-ub-content-toggle-accordion-title ub-content-toggle-title-972a16a7-9248-4006-a549-b711b9acc71f\">Quin tipus d&#8217;aerogenerador s&#8217;instal\u00b7lar\u00e0? On?<\/p><div class=\"wp-block-ub-content-toggle-accordion-toggle-wrap right\"><span class=\"wp-block-ub-content-toggle-accordion-state-indicator wp-block-ub-chevron-down\"><\/span>\n                    <\/div><\/div><div role=\"region\" class=\"wp-block-ub-content-toggle-accordion-content-wrap ub-hide\" id=\"ub-content-toggle-panel-0-972a16a7-9248-4006-a549-b711b9acc71f\">\n\n<p>S&#8217;instal\u00b7lar\u00e0 un aerogenerador de 4,2 MW de pot\u00e8ncia de generaci\u00f3. L&#8217;emmagatzematge tindr\u00e0 una capacitat d&#8217;emmagatzematge de 3 MWh i una pot\u00e8ncia de 1,2MW. <\/p>\n\n\n\n<p>L&#8217;aerogenerador s&#8217;instal\u00b7lar\u00e0 a l&#8217;extrem nord del municipi de La Tallada d&#8217;Empord\u00e0.<\/p>\n\n\n\n<div class=\"is-layout-flex wp-container-4 wp-block-columns\">\n<div class=\"is-layout-flow wp-block-column\">\n<figure class=\"wp-block-image size-full\"><img decoding=\"async\" loading=\"lazy\" width=\"521\" height=\"463\" src=\"https:\/\/ccege.emelcat.cat\/latallada\/wp-content\/uploads\/sites\/9\/2022\/10\/imagen-1.png\" alt=\"\" class=\"wp-image-38\" srcset=\"https:\/\/ccege.emelcat.cat\/latallada\/wp-content\/uploads\/sites\/9\/2022\/10\/imagen-1.png 521w, https:\/\/ccege.emelcat.cat\/latallada\/wp-content\/uploads\/sites\/9\/2022\/10\/imagen-1-300x267.png 300w\" sizes=\"(max-width: 521px) 100vw, 521px\" \/><figcaption>Localitzaci\u00f3 proposada per l&#8217;aerogenerador. Els punts Ta-01 i Ta-020 indiquen unes altres localitzacions que es van estudiar i descartar.<\/figcaption><\/figure>\n<\/div>\n\n\n\n<div class=\"is-layout-flow wp-block-column is-vertically-aligned-bottom\"><div class=\"wp-block-image\">\n<figure class=\"aligncenter size-full\"><img decoding=\"async\" loading=\"lazy\" width=\"588\" height=\"411\" src=\"https:\/\/ccege.emelcat.cat\/latallada\/wp-content\/uploads\/sites\/9\/2022\/10\/imagen-3.png\" alt=\"\" class=\"wp-image-42\" srcset=\"https:\/\/ccege.emelcat.cat\/latallada\/wp-content\/uploads\/sites\/9\/2022\/10\/imagen-3.png 588w, https:\/\/ccege.emelcat.cat\/latallada\/wp-content\/uploads\/sites\/9\/2022\/10\/imagen-3-300x210.png 300w\" sizes=\"(max-width: 588px) 100vw, 588px\" \/><figcaption>Detall del tipus de terreny en el que s&#8217;instal\u00b7lar\u00e0 l&#8217;aerogenerador.<\/figcaption><\/figure><\/div><\/div>\n<\/div>\n\n\n\n<p>Un aerogenerador d&#8217;aquestes caracter\u00edstiques t\u00e9 un temps de vida de 20 anys.<\/p>\n\n<\/div><\/div>\n<\/div>\n\n<div class=\"wp-block-ub-content-toggle\" id=\"ub-content-toggle-c8e0e1d6-55a6-44fe-b480-4e1f77ff2fd2\" data-mobilecollapse=\"true\" data-desktopcollapse=\"true\">\n<div class=\"wp-block-ub-content-toggle-accordion\">\n                <div class=\"wp-block-ub-content-toggle-accordion-title-wrap\" aria-expanded=\"false\" aria-controls=\"ub-content-toggle-panel-0-c8e0e1d6-55a6-44fe-b480-4e1f77ff2fd2\" tabindex=\"0\">\n                    <p class=\"wp-block-ub-content-toggle-accordion-title ub-content-toggle-title-c8e0e1d6-55a6-44fe-b480-4e1f77ff2fd2\">Quin \u00e9s el cost del projecte? Quin benefici econ\u00f2mic produir\u00e0?<\/p><div class=\"wp-block-ub-content-toggle-accordion-toggle-wrap right\"><span class=\"wp-block-ub-content-toggle-accordion-state-indicator wp-block-ub-chevron-down\"><\/span>\n                    <\/div><\/div><div role=\"region\" class=\"wp-block-ub-content-toggle-accordion-content-wrap ub-hide\" id=\"ub-content-toggle-panel-0-c8e0e1d6-55a6-44fe-b480-4e1f77ff2fd2\">\n\n<p class=\"has-text-align-justify\">La inversi\u00f3 estimada \u00e9s de 6,65 milions d&#8217;euros. Hi haur\u00e0 uns costos anuals de funcionament d&#8217;uns 190.00 euros. S&#8217;ha estimat que l&#8217;aerogenerador generar\u00e0 uns ingressos de 2,8 milions anuals (considerant preus de l&#8217;energia propers als actuals). Amb aquesta situaci\u00f3 el projecte es recuperar\u00e0 en uns 4 anys  <\/p>\n\n\n\n<p class=\"has-text-align-justify\">La comunitat energ\u00e8tica, una cooperativa, vendr\u00e0 l&#8217;energia generada per l&#8217;aerogenerador al mercat el\u00e8ctric. A m\u00e9s, com comptar\u00e0 amb emmagatzematge, l&#8217;energia es podr\u00e0 vendre a les hores de preus m\u00e9s alts amb el que els beneficis seran m\u00e9s alts. Igualment, la capacitat de gesti\u00f3 de l&#8217;energia generada permetr\u00e0 participar en els mercats d&#8217;ajustos del sistema generant beneficis addicionals.<\/p>\n\n<\/div><\/div>\n<\/div>\n\n<div class=\"wp-block-ub-content-toggle\" id=\"ub-content-toggle-47fa7591-866d-4e99-bbec-4212d10219ea\" data-mobilecollapse=\"true\" data-desktopcollapse=\"true\">\n<div class=\"wp-block-ub-content-toggle-accordion\">\n                <div class=\"wp-block-ub-content-toggle-accordion-title-wrap\" aria-expanded=\"false\" aria-controls=\"ub-content-toggle-panel-0-47fa7591-866d-4e99-bbec-4212d10219ea\" tabindex=\"0\">\n                    <p class=\"wp-block-ub-content-toggle-accordion-title ub-content-toggle-title-47fa7591-866d-4e99-bbec-4212d10219ea\">Quanta energia es generar\u00e0? Com es reduiran les emissions de CO2?<\/p><div class=\"wp-block-ub-content-toggle-accordion-toggle-wrap right\"><span class=\"wp-block-ub-content-toggle-accordion-state-indicator wp-block-ub-chevron-down\"><\/span>\n                    <\/div><\/div><div role=\"region\" class=\"wp-block-ub-content-toggle-accordion-content-wrap ub-hide\" id=\"ub-content-toggle-panel-0-47fa7591-866d-4e99-bbec-4212d10219ea\">\n\n<p>Anualment es generaran 11.6 GWh, energia suficient per a cobrir el consum de 3225 habitatges o fer 48 milions de kil\u00f2metres amb un cotxe el\u00e8ctric.<\/p>\n\n\n\n<p>L&#8217;estalvi en emissions de CO2 ser\u00e0 de 4.150 tones. Aquesta quantitat correspon a fer 23 milions de kil\u00f2metres amb un cotxe de benzina.<\/p>\n\n\n<div class=\"wp-block-image\">\n<figure class=\"aligncenter size-full is-resized\"><img decoding=\"async\" loading=\"lazy\" src=\"https:\/\/ccege.emelcat.cat\/latallada\/wp-content\/uploads\/sites\/9\/2022\/10\/imagen-2.png\" alt=\"\" class=\"wp-image-39\" width=\"550\" height=\"274\" srcset=\"https:\/\/ccege.emelcat.cat\/latallada\/wp-content\/uploads\/sites\/9\/2022\/10\/imagen-2.png 733w, https:\/\/ccege.emelcat.cat\/latallada\/wp-content\/uploads\/sites\/9\/2022\/10\/imagen-2-300x149.png 300w\" sizes=\"(max-width: 550px) 100vw, 550px\" \/><figcaption>Estimaci\u00f3 de l\u2019energia el\u00e8ctrica generada anualment per l\u2019aerogenerador a la localitzaci\u00f3 triada. Es mostra la contribuci\u00f3 mensual. Aquesta estimaci\u00f3 s\u2019ha fet en base a dades de vent dels darrers 20 anys.<\/figcaption><\/figure><\/div>\n<\/div><\/div>\n<\/div>\n\n<div class=\"wp-block-ub-content-toggle\" id=\"ub-content-toggle-27bb4fb7-b23e-4f5b-ba8d-1e17da166c1f\" data-mobilecollapse=\"true\" data-desktopcollapse=\"true\">\n<div class=\"wp-block-ub-content-toggle-accordion\">\n                <div class=\"wp-block-ub-content-toggle-accordion-title-wrap\" aria-expanded=\"false\" aria-controls=\"ub-content-toggle-panel-0-27bb4fb7-b23e-4f5b-ba8d-1e17da166c1f\" tabindex=\"0\">\n                    <p class=\"wp-block-ub-content-toggle-accordion-title ub-content-toggle-title-27bb4fb7-b23e-4f5b-ba8d-1e17da166c1f\">Qui ens acompanyar\u00e0 en aquest projecte?<\/p><div class=\"wp-block-ub-content-toggle-accordion-toggle-wrap right\"><span class=\"wp-block-ub-content-toggle-accordion-state-indicator wp-block-ub-chevron-down\"><\/span>\n                    <\/div><\/div><div role=\"region\" class=\"wp-block-ub-content-toggle-accordion-content-wrap ub-hide\" id=\"ub-content-toggle-panel-0-27bb4fb7-b23e-4f5b-ba8d-1e17da166c1f\">\n\n<p class=\"has-text-align-justify\">Des de l&#8217;inici del projecte s&#8217;ha involucrat l&#8217;Ajuntament de La Tallada d&#8217;Empord\u00e0 per donar suport al projecte i ajudar en l&#8217;activaci\u00f3 del territori.<\/p>\n\n<\/div><\/div>\n<\/div>\n\n\n<hr class=\"wp-block-separator has-text-color has-vivid-green-cyan-color has-alpha-channel-opacity has-vivid-green-cyan-background-color has-background is-style-wide\"\/>\n\n\n\n<p>Aquest \u00e9s un projecte finan\u00e7at pel Departament d\u2019Empresa i Treball de la Generalitat de Catalunya a trav\u00e9s de la convocat\u00f2ria <a href=\"https:\/\/economiasocial.coop\/projectes-singulars\">Projecte Singulars<\/a>.<\/p>\n\n\n<div class=\"wp-block-image\">\n<figure class=\"aligncenter\"><img decoding=\"async\" src=\"https:\/\/emelcat.cat\/wp-content\/uploads\/2022\/04\/Logos-que-cal-posar.png\" alt=\"\" class=\"wp-image-2406\"\/><\/figure><\/div>","protected":false},"excerpt":{"rendered":"<p>Vols participar en un projecte que promou la democratitzaci\u00f3 de l&#8217;energia de proximitat? La comunitat ciutadana d\u2019energia a La Tallada d&#8217;Empord\u00e0 \u00e9s un projecte que promou l\u2019aprofitament del recurs e\u00f2lic de proximitat per part de la comunitat del municipi de La Tallada d&#8217;Empord\u00e0 i el seu entorn. Es vol mobilitzar la poblaci\u00f3 local per a [&hellip;]<\/p>\n","protected":false},"author":1,"featured_media":0,"parent":0,"menu_order":0,"comment_status":"closed","ping_status":"closed","template":"","meta":{"_bbp_topic_count":0,"_bbp_reply_count":0,"_bbp_total_topic_count":0,"_bbp_total_reply_count":0,"_bbp_voice_count":0,"_bbp_anonymous_reply_count":0,"_bbp_topic_count_hidden":0,"_bbp_reply_count_hidden":0,"_bbp_forum_subforum_count":0,"ub_ctt_via":"","_editorskit_title_hidden":false,"_editorskit_reading_time":2,"_editorskit_is_block_options_detached":false,"_editorskit_block_options_position":"{}"},"featured_image_src":null,"_links":{"self":[{"href":"https:\/\/ccege.emelcat.cat\/latallada\/wp-json\/wp\/v2\/pages\/5"}],"collection":[{"href":"https:\/\/ccege.emelcat.cat\/latallada\/wp-json\/wp\/v2\/pages"}],"about":[{"href":"https:\/\/ccege.emelcat.cat\/latallada\/wp-json\/wp\/v2\/types\/page"}],"author":[{"embeddable":true,"href":"https:\/\/ccege.emelcat.cat\/latallada\/wp-json\/wp\/v2\/users\/1"}],"replies":[{"embeddable":true,"href":"https:\/\/ccege.emelcat.cat\/latallada\/wp-json\/wp\/v2\/comments?post=5"}],"version-history":[{"count":2,"href":"https:\/\/ccege.emelcat.cat\/latallada\/wp-json\/wp\/v2\/pages\/5\/revisions"}],"predecessor-version":[{"id":43,"href":"https:\/\/ccege.emelcat.cat\/latallada\/wp-json\/wp\/v2\/pages\/5\/revisions\/43"}],"wp:attachment":[{"href":"https:\/\/ccege.emelcat.cat\/latallada\/wp-json\/wp\/v2\/media?parent=5"}],"curies":[{"name":"wp","href":"https:\/\/api.w.org\/{rel}","templated":true}]}}