{"id":7,"date":"2022-09-19T16:42:02","date_gmt":"2022-09-19T14:42:02","guid":{"rendered":"https:\/\/ccege.emelcat.cat\/latallada\/politica-de-privadesa\/"},"modified":"2022-09-19T16:42:02","modified_gmt":"2022-09-19T14:42:02","slug":"politica-de-privadesa","status":"publish","type":"page","link":"https:\/\/ccege.emelcat.cat\/latallada\/politica-de-privadesa\/","title":{"rendered":"Pol\u00edtica de privadesa"},"content":{"rendered":"\n<h3>INTRODUCCI\u00d3<\/h3>\n\n\n\n<p>A EMELCAT, sensibilitzats amb les necessitats dels usuaris d\u2019Internet i conscients de la import\u00e0ncia de la rigorosa privacitat de la informaci\u00f3 personal que ens confien, incloem aquesta declaraci\u00f3 de privacitat amb l\u2019objecte del fet que siguis conscient de la pol\u00edtica en el tractament de les dades personals que s\u2019obtenen dels visitants i usuaris..<\/p>\n\n\n\n<p>Com usuari, acceptes aquestes condicions pel sol fet de llegir, visualitzar o navegar en la web. Si no ho acceptes, has d\u2019abandonar la web, sense fer \u00fas d\u2019ella ni del seu contingut, i sense accedir a les p\u00e0gines enlla\u00e7ades.<\/p>\n\n\n\n<h3>RESPONSABLE DEL TRACTAMENT DE DADES<\/h3>\n\n\n\n<p>El titular de la web i responsable del tractament de dades \u00e9s EMELCAT, S.C.C.L., amb CIF F66257700, per contactar pots emprar l\u2019adre\u00e7a de correu electr\u00f2nic&nbsp;<a href=\"mailto:%70%61gin%61electronica@%65%6d%65lcat.c%61%74\">paginaelectronica@emelcat.cat<\/a>&nbsp;o correu postal a C\/ Pujades 181 2\u00ba 1\u00ba, c\u00f3digo postal 08005 Barcelona.<\/p>\n\n\n\n<h3 id=\"finalidad\">FINALITAT DEL TRACTAMENT DE DADES<\/h3>\n\n\n\n<p>En la nostra web, existeixen apartats espec\u00edfics on pots anotar les teves dades per rebre informaci\u00f3 sobre actualitzacions d&#8217;aquesta i d\u2019alguns programes que es distribueixen. Nosaltres t\u2019assegurem que la informaci\u00f3 que ens facilitis ser\u00e0 gestionada de manera confidencial.<\/p>\n\n\n\n<p>Formulari de contacte: Mantenir contacte amb tu o altres accions requerides.<\/p>\n\n\n\n<p>Les dades s&#8217;emmagatzemaran mentre existeixi previsi\u00f3 del seu \u00fas per al fi per al qual van ser recollides..<\/p>\n\n\n\n<p>No es fan preses de decisions automatitzades amb les teves dades.<\/p>\n\n\n\n<h3 id=\"legitimacion\">LEGITIMACI\u00d3 DEL TRACTAMENT DE DADES<\/h3>\n\n\n\n<p>L&#8217;\u00fas de les teves dades s\u2019efectua perqu\u00e8 ens d\u00f3nes el teu consentiment per utilitzar les que ens proporciones en els formularis per un \u00fas espec\u00edfic que s&#8217;indica en cadascun d&#8217;ells. Totes les teves dades nom\u00e9s s\u00f3n necess\u00e0ries per a usos concrets pels quals se&#8217;t sol\u00b7liciten, si no ho fas, aquests serveis no s\u00f3n possibles.<\/p>\n\n\n\n<h3 id=\"transferencia\">TRANSFER\u00c8NCIES I CESSIONS DE DADES<\/h3>\n\n\n\n<p>Existeix un comprom\u00eds ferm per part nostra que les dades que proporcionis a EMELCAT, no seran venudes ni cedides a terceres persones sense el teu previ consentiment, per a cap concepte o circumst\u00e0ncia, excepte consentiment expr\u00e9s o obligaci\u00f3 legal.<\/p>\n\n\n\n<p>La nostra web cont\u00e9 enlla\u00e7os cap a altres webs de tercers. EMELCAT no es fa responsable per les pol\u00edtiques i pr\u00e0ctiques de privacitat d&#8217;aquestes altres webs.<\/p>\n\n\n\n<h3>DRETS DELS INTERESSATS<\/h3>\n\n\n\n<p>Tens dret a accedir a la informaci\u00f3 que sobre la teva persona estigui emmagatzemada en les nostres bases de dades, rectificar-la en cas d\u2019errada, suprimir-la, limitar-la oposar-te al seu tractament i retirar-ne el consentiment si aquest \u00e9s el teu desig. Per fer-ho nom\u00e9s has d\u2019escriure un e-mail a l\u2019adre\u00e7a de correu electr\u00f2nic:&nbsp;<a href=\"mailto:%70a%67i%6e%61elect%72on%69%63a@e%6d%65%6c%63at.c%61t\">paginaelectronica@emelcat.cat<\/a>&nbsp;don et contestarem qualsevol consulta, comentari, aclariment que ens facis al respecte.<\/p>\n\n\n\n<p>Per a m\u00e9s informaci\u00f3 sobre temes relacionats pots consultar l\u2019<a href=\"https:\/\/apdcat.gencat.cat\/ca\/inici\" target=\"_blank\" rel=\"noreferrer noopener\">Autoritat Catalana de Protecci\u00f3 de Dades<\/a>.<\/p>\n\n\n\n<p><a href=\"https:\/\/emelcat.cat\/2019\/03\/18\/emelcat-assisteix-a-la-fira-de-consum-responsable-de-celra\/img-20190316-wa0013_sm2\/#main\"><\/a><\/p>\n","protected":false},"excerpt":{"rendered":"<p>INTRODUCCI\u00d3 A EMELCAT, sensibilitzats amb les necessitats dels usuaris d\u2019Internet i conscients de la import\u00e0ncia de la rigorosa privacitat de la informaci\u00f3 personal que ens confien, incloem aquesta declaraci\u00f3 de privacitat amb l\u2019objecte del fet que siguis conscient de la pol\u00edtica en el tractament de les dades personals que s\u2019obtenen dels visitants i usuaris.. Com [&hellip;]<\/p>\n","protected":false},"author":1,"featured_media":0,"parent":0,"menu_order":0,"comment_status":"closed","ping_status":"closed","template":"","meta":{"_bbp_topic_count":0,"_bbp_reply_count":0,"_bbp_total_topic_count":0,"_bbp_total_reply_count":0,"_bbp_voice_count":0,"_bbp_anonymous_reply_count":0,"_bbp_topic_count_hidden":0,"_bbp_reply_count_hidden":0,"_bbp_forum_subforum_count":0,"ub_ctt_via":"","_editorskit_title_hidden":false,"_editorskit_reading_time":0,"_editorskit_is_block_options_detached":false,"_editorskit_block_options_position":"{}"},"featured_image_src":null,"_links":{"self":[{"href":"https:\/\/ccege.emelcat.cat\/latallada\/wp-json\/wp\/v2\/pages\/7"}],"collection":[{"href":"https:\/\/ccege.emelcat.cat\/latallada\/wp-json\/wp\/v2\/pages"}],"about":[{"href":"https:\/\/ccege.emelcat.cat\/latallada\/wp-json\/wp\/v2\/types\/page"}],"author":[{"embeddable":true,"href":"https:\/\/ccege.emelcat.cat\/latallada\/wp-json\/wp\/v2\/users\/1"}],"replies":[{"embeddable":true,"href":"https:\/\/ccege.emelcat.cat\/latallada\/wp-json\/wp\/v2\/comments?post=7"}],"version-history":[{"count":0,"href":"https:\/\/ccege.emelcat.cat\/latallada\/wp-json\/wp\/v2\/pages\/7\/revisions"}],"wp:attachment":[{"href":"https:\/\/ccege.emelcat.cat\/latallada\/wp-json\/wp\/v2\/media?parent=7"}],"curies":[{"name":"wp","href":"https:\/\/api.w.org\/{rel}","templated":true}]}}